{"id":10,"date":"2025-05-19T12:04:53","date_gmt":"2025-05-19T10:04:53","guid":{"rendered":"https:\/\/lin.projetsmmichamps.fr\/SiteOnePage\/wordpress\/?page_id=10"},"modified":"2025-06-01T17:45:20","modified_gmt":"2025-06-01T15:45:20","slug":"elementor-10","status":"publish","type":"page","link":"https:\/\/lin.projetsmmichamps.fr\/SiteOnePage\/wordpress\/","title":{"rendered":"Tiakola"},"content":{"rendered":"\t\t<div data-elementor-type=\"wp-post\" data-elementor-id=\"10\" class=\"elementor elementor-10\">\n\t\t\t\t<div class=\"elementor-element elementor-element-cbf53b0 e-flex e-con-boxed e-con e-parent\" data-id=\"cbf53b0\" data-element_type=\"container\">\n\t\t\t\t\t<div class=\"e-con-inner\">\n\t\t\t\t<div class=\"elementor-element elementor-element-635fb43 elementor-align-right elementor-widget elementor-widget-button\" data-id=\"635fb43\" data-element_type=\"widget\" data-widget_type=\"button.default\">\n\t\t\t\t<div class=\"elementor-widget-container\">\n\t\t\t\t\t\t\t\t\t<div class=\"elementor-button-wrapper\">\n\t\t\t\t\t<a class=\"elementor-button elementor-button-link elementor-size-sm\" href=\"https:\/\/lin.projetsmmichamps.fr\/SiteOnePage\/wordpress\/a-propos\/\">\n\t\t\t\t\t\t<span class=\"elementor-button-content-wrapper\">\n\t\t\t\t\t\t\t\t\t<span class=\"elementor-button-text\">A propos<\/span>\n\t\t\t\t\t<\/span>\n\t\t\t\t\t<\/a>\n\t\t\t\t<\/div>\n\t\t\t\t\t\t\t\t<\/div>\n\t\t\t\t<\/div>\n\t\t\t\t<div class=\"elementor-element elementor-element-373478b elementor-widget elementor-widget-heading\" data-id=\"373478b\" data-element_type=\"widget\" data-widget_type=\"heading.default\">\n\t\t\t\t<div class=\"elementor-widget-container\">\n\t\t\t\t\t<h2 class=\"elementor-heading-title elementor-size-default\">Tiakola<\/h2>\t\t\t\t<\/div>\n\t\t\t\t<\/div>\n\t\t\t\t\t<\/div>\n\t\t\t\t<\/div>\n\t\t<div class=\"elementor-element elementor-element-3b4ebc4 e-flex e-con-boxed e-con e-parent\" data-id=\"3b4ebc4\" data-element_type=\"container\">\n\t\t\t\t\t<div class=\"e-con-inner\">\n\t\t\t\t<div class=\"elementor-element elementor-element-018137b elementor-widget elementor-widget-text-editor\" data-id=\"018137b\" data-element_type=\"widget\" data-widget_type=\"text-editor.default\">\n\t\t\t\t<div class=\"elementor-widget-container\">\n\t\t\t\t\t\t\t\t\t<p>Tiakola, de son vrai nom William Mundala, n\u00e9 le 4 d\u00e9cembre 1999 \u00e0 Bondy en Seine-Saint-Denis, est un rappeur et chanteur fran\u00e7ais. C&rsquo;est un ancien membre du groupe 4Keus avant que ce dernier soit mis de c\u00f4t\u00e9 pour pouvoir lancer sa propre carri\u00e8re.<\/p>\t\t\t\t\t\t\t\t<\/div>\n\t\t\t\t<\/div>\n\t\t\t\t\t<\/div>\n\t\t\t\t<\/div>\n\t\t<div class=\"elementor-element elementor-element-d9bc6f4 e-grid e-con-boxed e-con e-parent\" data-id=\"d9bc6f4\" data-element_type=\"container\">\n\t\t\t\t\t<div class=\"e-con-inner\">\n\t\t\t\t<div class=\"elementor-element elementor-element-b892c1c elementor-widget elementor-widget-image\" data-id=\"b892c1c\" data-element_type=\"widget\" data-widget_type=\"image.default\">\n\t\t\t\t<div class=\"elementor-widget-container\">\n\t\t\t\t\t\t\t\t\t\t\t\t\t\t\t<img fetchpriority=\"high\" decoding=\"async\" width=\"768\" height=\"1024\" src=\"https:\/\/lin.projetsmmichamps.fr\/SiteOnePage\/wordpress\/wp-content\/uploads\/2025\/05\/image_2025-05-19_121803931-768x1024.png\" class=\"attachment-large size-large wp-image-15\" alt=\"\" srcset=\"https:\/\/lin.projetsmmichamps.fr\/SiteOnePage\/wordpress\/wp-content\/uploads\/2025\/05\/image_2025-05-19_121803931-768x1024.png 768w, https:\/\/lin.projetsmmichamps.fr\/SiteOnePage\/wordpress\/wp-content\/uploads\/2025\/05\/image_2025-05-19_121803931-225x300.png 225w, https:\/\/lin.projetsmmichamps.fr\/SiteOnePage\/wordpress\/wp-content\/uploads\/2025\/05\/image_2025-05-19_121803931.png 800w\" sizes=\"(max-width: 768px) 100vw, 768px\" \/>\t\t\t\t\t\t\t\t\t\t\t\t\t\t\t<\/div>\n\t\t\t\t<\/div>\n\t\t\t\t<div class=\"elementor-element elementor-element-22ff148 elementor-widget elementor-widget-image\" data-id=\"22ff148\" data-element_type=\"widget\" data-widget_type=\"image.default\">\n\t\t\t\t<div class=\"elementor-widget-container\">\n\t\t\t\t\t\t\t\t\t\t\t\t\t\t\t<img decoding=\"async\" width=\"664\" height=\"886\" src=\"https:\/\/lin.projetsmmichamps.fr\/SiteOnePage\/wordpress\/wp-content\/uploads\/2025\/05\/image_2025-05-19_121825075.png\" class=\"attachment-large size-large wp-image-16\" alt=\"\" srcset=\"https:\/\/lin.projetsmmichamps.fr\/SiteOnePage\/wordpress\/wp-content\/uploads\/2025\/05\/image_2025-05-19_121825075.png 664w, https:\/\/lin.projetsmmichamps.fr\/SiteOnePage\/wordpress\/wp-content\/uploads\/2025\/05\/image_2025-05-19_121825075-225x300.png 225w\" sizes=\"(max-width: 664px) 100vw, 664px\" \/>\t\t\t\t\t\t\t\t\t\t\t\t\t\t\t<\/div>\n\t\t\t\t<\/div>\n\t\t\t\t<div class=\"elementor-element elementor-element-33aa5ce elementor-widget elementor-widget-image\" data-id=\"33aa5ce\" data-element_type=\"widget\" data-widget_type=\"image.default\">\n\t\t\t\t<div class=\"elementor-widget-container\">\n\t\t\t\t\t\t\t\t\t\t\t\t\t\t\t<img decoding=\"async\" width=\"682\" height=\"1024\" src=\"https:\/\/lin.projetsmmichamps.fr\/SiteOnePage\/wordpress\/wp-content\/uploads\/2025\/05\/image_2025-05-19_122506085-682x1024.png\" class=\"attachment-large size-large wp-image-21\" alt=\"\" srcset=\"https:\/\/lin.projetsmmichamps.fr\/SiteOnePage\/wordpress\/wp-content\/uploads\/2025\/05\/image_2025-05-19_122506085-682x1024.png 682w, https:\/\/lin.projetsmmichamps.fr\/SiteOnePage\/wordpress\/wp-content\/uploads\/2025\/05\/image_2025-05-19_122506085-200x300.png 200w, https:\/\/lin.projetsmmichamps.fr\/SiteOnePage\/wordpress\/wp-content\/uploads\/2025\/05\/image_2025-05-19_122506085-768x1152.png 768w, https:\/\/lin.projetsmmichamps.fr\/SiteOnePage\/wordpress\/wp-content\/uploads\/2025\/05\/image_2025-05-19_122506085.png 937w\" sizes=\"(max-width: 682px) 100vw, 682px\" \/>\t\t\t\t\t\t\t\t\t\t\t\t\t\t\t<\/div>\n\t\t\t\t<\/div>\n\t\t\t\t\t<\/div>\n\t\t\t\t<\/div>\n\t\t<div class=\"elementor-element elementor-element-ae1baab e-flex e-con-boxed e-con e-parent\" data-id=\"ae1baab\" data-element_type=\"container\">\n\t\t\t\t\t<div class=\"e-con-inner\">\n\t\t<div class=\"elementor-element elementor-element-1e8d63e e-con-full e-flex e-con e-child\" data-id=\"1e8d63e\" data-element_type=\"container\">\n\t\t\t\t<div class=\"elementor-element elementor-element-5bc859b elementor-widget elementor-widget-video\" data-id=\"5bc859b\" data-element_type=\"widget\" data-settings=\"{&quot;youtube_url&quot;:&quot;https:\\\/\\\/www.youtube.com\\\/watch?v=v6IViC8yUBs&quot;,&quot;video_type&quot;:&quot;youtube&quot;,&quot;controls&quot;:&quot;yes&quot;}\" data-widget_type=\"video.default\">\n\t\t\t\t<div class=\"elementor-widget-container\">\n\t\t\t\t\t\t\t<div class=\"elementor-wrapper elementor-open-inline\">\n\t\t\t<div class=\"elementor-video\"><\/div>\t\t<\/div>\n\t\t\t\t\t\t<\/div>\n\t\t\t\t<\/div>\n\t\t\t\t<\/div>\n\t\t<div class=\"elementor-element elementor-element-412cb6e e-con-full e-flex e-con e-child\" data-id=\"412cb6e\" data-element_type=\"container\">\n\t\t\t\t<div class=\"elementor-element elementor-element-2c5d458 elementor-widget elementor-widget-video\" data-id=\"2c5d458\" data-element_type=\"widget\" data-settings=\"{&quot;youtube_url&quot;:&quot;https:\\\/\\\/www.youtube.com\\\/watch?v=YzAmGRj1hzY&quot;,&quot;video_type&quot;:&quot;youtube&quot;,&quot;controls&quot;:&quot;yes&quot;}\" data-widget_type=\"video.default\">\n\t\t\t\t<div class=\"elementor-widget-container\">\n\t\t\t\t\t\t\t<div class=\"elementor-wrapper elementor-open-inline\">\n\t\t\t<div class=\"elementor-video\"><\/div>\t\t<\/div>\n\t\t\t\t\t\t<\/div>\n\t\t\t\t<\/div>\n\t\t\t\t<\/div>\n\t\t<div class=\"elementor-element elementor-element-43a36b6 e-con-full e-flex e-con e-child\" data-id=\"43a36b6\" data-element_type=\"container\">\n\t\t\t\t<div class=\"elementor-element elementor-element-b1d747e elementor-widget elementor-widget-video\" data-id=\"b1d747e\" data-element_type=\"widget\" data-settings=\"{&quot;youtube_url&quot;:&quot;https:\\\/\\\/www.youtube.com\\\/watch?v=XkfJVlWDZOE&quot;,&quot;video_type&quot;:&quot;youtube&quot;,&quot;controls&quot;:&quot;yes&quot;}\" data-widget_type=\"video.default\">\n\t\t\t\t<div class=\"elementor-widget-container\">\n\t\t\t\t\t\t\t<div class=\"elementor-wrapper elementor-open-inline\">\n\t\t\t<div class=\"elementor-video\"><\/div>\t\t<\/div>\n\t\t\t\t\t\t<\/div>\n\t\t\t\t<\/div>\n\t\t\t\t<div class=\"elementor-element elementor-element-51ca5b9 elementor-widget elementor-widget-n-accordion\" data-id=\"51ca5b9\" data-element_type=\"widget\" data-settings=\"{&quot;default_state&quot;:&quot;expanded&quot;,&quot;max_items_expended&quot;:&quot;one&quot;,&quot;n_accordion_animation_duration&quot;:{&quot;unit&quot;:&quot;ms&quot;,&quot;size&quot;:400,&quot;sizes&quot;:[]}}\" data-widget_type=\"nested-accordion.default\">\n\t\t\t\t<div class=\"elementor-widget-container\">\n\t\t\t\t\t\t\t<div class=\"e-n-accordion\" aria-label=\"Accordion. Open links with Enter or Space, close with Escape, and navigate with Arrow Keys\">\n\t\t\t\t\t\t<details id=\"e-n-accordion-item-8570\" class=\"e-n-accordion-item\" open>\n\t\t\t\t<summary class=\"e-n-accordion-item-title\" data-accordion-index=\"1\" tabindex=\"0\" aria-expanded=\"true\" aria-controls=\"e-n-accordion-item-8570\" >\n\t\t\t\t\t<span class='e-n-accordion-item-title-header'><div class=\"e-n-accordion-item-title-text\"> Date concert 1 <\/div><\/span>\n\t\t\t\t\t\t\t<span class='e-n-accordion-item-title-icon'>\n\t\t\t<span class='e-opened' ><svg aria-hidden=\"true\" class=\"e-font-icon-svg e-fas-minus\" viewBox=\"0 0 448 512\" xmlns=\"http:\/\/www.w3.org\/2000\/svg\"><path d=\"M416 208H32c-17.67 0-32 14.33-32 32v32c0 17.67 14.33 32 32 32h384c17.67 0 32-14.33 32-32v-32c0-17.67-14.33-32-32-32z\"><\/path><\/svg><\/span>\n\t\t\t<span class='e-closed'><svg aria-hidden=\"true\" class=\"e-font-icon-svg e-fas-plus\" viewBox=\"0 0 448 512\" xmlns=\"http:\/\/www.w3.org\/2000\/svg\"><path d=\"M416 208H272V64c0-17.67-14.33-32-32-32h-32c-17.67 0-32 14.33-32 32v144H32c-17.67 0-32 14.33-32 32v32c0 17.67 14.33 32 32 32h144v144c0 17.67 14.33 32 32 32h32c17.67 0 32-14.33 32-32V304h144c17.67 0 32-14.33 32-32v-32c0-17.67-14.33-32-32-32z\"><\/path><\/svg><\/span>\n\t\t<\/span>\n\n\t\t\t\t\t\t<\/summary>\n\t\t\t\t<div role=\"region\" aria-labelledby=\"e-n-accordion-item-8570\" class=\"elementor-element elementor-element-1083083 e-con-full e-flex e-con e-child\" data-id=\"1083083\" data-element_type=\"container\">\n\t\t\t\t<div class=\"elementor-element elementor-element-2865014 elementor-widget elementor-widget-image\" data-id=\"2865014\" data-element_type=\"widget\" data-widget_type=\"image.default\">\n\t\t\t\t<div class=\"elementor-widget-container\">\n\t\t\t\t\t\t\t\t\t\t\t\t\t\t\t<img loading=\"lazy\" decoding=\"async\" width=\"800\" height=\"95\" src=\"https:\/\/lin.projetsmmichamps.fr\/SiteOnePage\/wordpress\/wp-content\/uploads\/2025\/06\/image_2025-06-01_172804535.png\" class=\"attachment-large size-large wp-image-31\" alt=\"\" srcset=\"https:\/\/lin.projetsmmichamps.fr\/SiteOnePage\/wordpress\/wp-content\/uploads\/2025\/06\/image_2025-06-01_172804535.png 967w, https:\/\/lin.projetsmmichamps.fr\/SiteOnePage\/wordpress\/wp-content\/uploads\/2025\/06\/image_2025-06-01_172804535-300x36.png 300w, https:\/\/lin.projetsmmichamps.fr\/SiteOnePage\/wordpress\/wp-content\/uploads\/2025\/06\/image_2025-06-01_172804535-768x91.png 768w\" sizes=\"(max-width: 800px) 100vw, 800px\" \/>\t\t\t\t\t\t\t\t\t\t\t\t\t\t\t<\/div>\n\t\t\t\t<\/div>\n\t\t\t\t<\/div>\n\t\t\t\t\t<\/details>\n\t\t\t\t\t\t<details id=\"e-n-accordion-item-8571\" class=\"e-n-accordion-item\" >\n\t\t\t\t<summary class=\"e-n-accordion-item-title\" data-accordion-index=\"2\" tabindex=\"-1\" aria-expanded=\"false\" aria-controls=\"e-n-accordion-item-8571\" >\n\t\t\t\t\t<span class='e-n-accordion-item-title-header'><div class=\"e-n-accordion-item-title-text\"> Date concert 2 <\/div><\/span>\n\t\t\t\t\t\t\t<span class='e-n-accordion-item-title-icon'>\n\t\t\t<span class='e-opened' ><svg aria-hidden=\"true\" class=\"e-font-icon-svg e-fas-minus\" viewBox=\"0 0 448 512\" xmlns=\"http:\/\/www.w3.org\/2000\/svg\"><path d=\"M416 208H32c-17.67 0-32 14.33-32 32v32c0 17.67 14.33 32 32 32h384c17.67 0 32-14.33 32-32v-32c0-17.67-14.33-32-32-32z\"><\/path><\/svg><\/span>\n\t\t\t<span class='e-closed'><svg aria-hidden=\"true\" class=\"e-font-icon-svg e-fas-plus\" viewBox=\"0 0 448 512\" xmlns=\"http:\/\/www.w3.org\/2000\/svg\"><path d=\"M416 208H272V64c0-17.67-14.33-32-32-32h-32c-17.67 0-32 14.33-32 32v144H32c-17.67 0-32 14.33-32 32v32c0 17.67 14.33 32 32 32h144v144c0 17.67 14.33 32 32 32h32c17.67 0 32-14.33 32-32V304h144c17.67 0 32-14.33 32-32v-32c0-17.67-14.33-32-32-32z\"><\/path><\/svg><\/span>\n\t\t<\/span>\n\n\t\t\t\t\t\t<\/summary>\n\t\t\t\t<div role=\"region\" aria-labelledby=\"e-n-accordion-item-8571\" class=\"elementor-element elementor-element-74a8aa6 e-con-full e-flex e-con e-child\" data-id=\"74a8aa6\" data-element_type=\"container\">\n\t\t\t\t<div class=\"elementor-element elementor-element-fea4ca5 elementor-widget elementor-widget-image\" data-id=\"fea4ca5\" data-element_type=\"widget\" data-widget_type=\"image.default\">\n\t\t\t\t<div class=\"elementor-widget-container\">\n\t\t\t\t\t\t\t\t\t\t\t\t\t\t\t<img loading=\"lazy\" decoding=\"async\" width=\"800\" height=\"121\" src=\"https:\/\/lin.projetsmmichamps.fr\/SiteOnePage\/wordpress\/wp-content\/uploads\/2025\/06\/image_2025-06-01_172825642.png\" class=\"attachment-large size-large wp-image-32\" alt=\"\" srcset=\"https:\/\/lin.projetsmmichamps.fr\/SiteOnePage\/wordpress\/wp-content\/uploads\/2025\/06\/image_2025-06-01_172825642.png 971w, https:\/\/lin.projetsmmichamps.fr\/SiteOnePage\/wordpress\/wp-content\/uploads\/2025\/06\/image_2025-06-01_172825642-300x45.png 300w, https:\/\/lin.projetsmmichamps.fr\/SiteOnePage\/wordpress\/wp-content\/uploads\/2025\/06\/image_2025-06-01_172825642-768x116.png 768w\" sizes=\"(max-width: 800px) 100vw, 800px\" \/>\t\t\t\t\t\t\t\t\t\t\t\t\t\t\t<\/div>\n\t\t\t\t<\/div>\n\t\t\t\t<\/div>\n\t\t\t\t\t<\/details>\n\t\t\t\t\t\t<details id=\"e-n-accordion-item-8572\" class=\"e-n-accordion-item\" >\n\t\t\t\t<summary class=\"e-n-accordion-item-title\" data-accordion-index=\"3\" tabindex=\"-1\" aria-expanded=\"false\" aria-controls=\"e-n-accordion-item-8572\" >\n\t\t\t\t\t<span class='e-n-accordion-item-title-header'><div class=\"e-n-accordion-item-title-text\"> Date concert 3 <\/div><\/span>\n\t\t\t\t\t\t\t<span class='e-n-accordion-item-title-icon'>\n\t\t\t<span class='e-opened' ><svg aria-hidden=\"true\" class=\"e-font-icon-svg e-fas-minus\" viewBox=\"0 0 448 512\" xmlns=\"http:\/\/www.w3.org\/2000\/svg\"><path d=\"M416 208H32c-17.67 0-32 14.33-32 32v32c0 17.67 14.33 32 32 32h384c17.67 0 32-14.33 32-32v-32c0-17.67-14.33-32-32-32z\"><\/path><\/svg><\/span>\n\t\t\t<span class='e-closed'><svg aria-hidden=\"true\" class=\"e-font-icon-svg e-fas-plus\" viewBox=\"0 0 448 512\" xmlns=\"http:\/\/www.w3.org\/2000\/svg\"><path d=\"M416 208H272V64c0-17.67-14.33-32-32-32h-32c-17.67 0-32 14.33-32 32v144H32c-17.67 0-32 14.33-32 32v32c0 17.67 14.33 32 32 32h144v144c0 17.67 14.33 32 32 32h32c17.67 0 32-14.33 32-32V304h144c17.67 0 32-14.33 32-32v-32c0-17.67-14.33-32-32-32z\"><\/path><\/svg><\/span>\n\t\t<\/span>\n\n\t\t\t\t\t\t<\/summary>\n\t\t\t\t<div role=\"region\" aria-labelledby=\"e-n-accordion-item-8572\" class=\"elementor-element elementor-element-2f349e9 e-con-full e-flex e-con e-child\" data-id=\"2f349e9\" data-element_type=\"container\">\n\t\t\t\t<div class=\"elementor-element elementor-element-b529f16 elementor-widget elementor-widget-image\" data-id=\"b529f16\" data-element_type=\"widget\" data-widget_type=\"image.default\">\n\t\t\t\t<div class=\"elementor-widget-container\">\n\t\t\t\t\t\t\t\t\t\t\t\t\t\t\t<img loading=\"lazy\" decoding=\"async\" width=\"800\" height=\"87\" src=\"https:\/\/lin.projetsmmichamps.fr\/SiteOnePage\/wordpress\/wp-content\/uploads\/2025\/06\/image_2025-06-01_172858334.png\" class=\"attachment-large size-large wp-image-33\" alt=\"\" srcset=\"https:\/\/lin.projetsmmichamps.fr\/SiteOnePage\/wordpress\/wp-content\/uploads\/2025\/06\/image_2025-06-01_172858334.png 997w, https:\/\/lin.projetsmmichamps.fr\/SiteOnePage\/wordpress\/wp-content\/uploads\/2025\/06\/image_2025-06-01_172858334-300x33.png 300w, https:\/\/lin.projetsmmichamps.fr\/SiteOnePage\/wordpress\/wp-content\/uploads\/2025\/06\/image_2025-06-01_172858334-768x84.png 768w\" sizes=\"(max-width: 800px) 100vw, 800px\" \/>\t\t\t\t\t\t\t\t\t\t\t\t\t\t\t<\/div>\n\t\t\t\t<\/div>\n\t\t\t\t<\/div>\n\t\t\t\t\t<\/details>\n\t\t\t\t\t<\/div>\n\t\t\t\t\t\t<\/div>\n\t\t\t\t<\/div>\n\t\t\t\t<\/div>\n\t\t\t\t\t<\/div>\n\t\t\t\t<\/div>\n\t\t\t\t<\/div>\n\t\t","protected":false},"excerpt":{"rendered":"<p>A propos Tiakola Tiakola, de son vrai nom William Mundala, n\u00e9 le 4 d\u00e9cembre 1999 \u00e0 Bondy en Seine-Saint-Denis, est un rappeur et chanteur fran\u00e7ais. C&rsquo;est un ancien membre du groupe 4Keus avant que ce dernier soit mis de c\u00f4t\u00e9 pour pouvoir lancer sa propre carri\u00e8re. https:\/\/www.youtube.com\/watch?v=v6IViC8yUBshttps:\/\/www.youtube.com\/watch?v=YzAmGRj1hzYhttps:\/\/www.youtube.com\/watch?v=XkfJVlWDZOE Date concert 1 Date concert 2 Date concert [&hellip;]<\/p>\n","protected":false},"author":1,"featured_media":0,"parent":0,"menu_order":0,"comment_status":"closed","ping_status":"closed","template":"","meta":{"footnotes":""},"class_list":["post-10","page","type-page","status-publish","hentry"],"_links":{"self":[{"href":"https:\/\/lin.projetsmmichamps.fr\/SiteOnePage\/wordpress\/wp-json\/wp\/v2\/pages\/10","targetHints":{"allow":["GET"]}}],"collection":[{"href":"https:\/\/lin.projetsmmichamps.fr\/SiteOnePage\/wordpress\/wp-json\/wp\/v2\/pages"}],"about":[{"href":"https:\/\/lin.projetsmmichamps.fr\/SiteOnePage\/wordpress\/wp-json\/wp\/v2\/types\/page"}],"author":[{"embeddable":true,"href":"https:\/\/lin.projetsmmichamps.fr\/SiteOnePage\/wordpress\/wp-json\/wp\/v2\/users\/1"}],"replies":[{"embeddable":true,"href":"https:\/\/lin.projetsmmichamps.fr\/SiteOnePage\/wordpress\/wp-json\/wp\/v2\/comments?post=10"}],"version-history":[{"count":20,"href":"https:\/\/lin.projetsmmichamps.fr\/SiteOnePage\/wordpress\/wp-json\/wp\/v2\/pages\/10\/revisions"}],"predecessor-version":[{"id":53,"href":"https:\/\/lin.projetsmmichamps.fr\/SiteOnePage\/wordpress\/wp-json\/wp\/v2\/pages\/10\/revisions\/53"}],"wp:attachment":[{"href":"https:\/\/lin.projetsmmichamps.fr\/SiteOnePage\/wordpress\/wp-json\/wp\/v2\/media?parent=10"}],"curies":[{"name":"wp","href":"https:\/\/api.w.org\/{rel}","templated":true}]}}