{"id":3,"date":"2025-05-19T11:49:54","date_gmt":"2025-05-19T09:49:54","guid":{"rendered":"https:\/\/lin.projetsmmichamps.fr\/SiteOnePage\/wordpress\/?page_id=3"},"modified":"2025-06-01T17:38:04","modified_gmt":"2025-06-01T15:38:04","slug":"a-propos","status":"publish","type":"page","link":"https:\/\/lin.projetsmmichamps.fr\/SiteOnePage\/wordpress\/a-propos\/","title":{"rendered":"A propos"},"content":{"rendered":"\t\t<div data-elementor-type=\"wp-page\" data-elementor-id=\"3\" class=\"elementor elementor-3\">\n\t\t\t\t<div class=\"elementor-element elementor-element-6a4d265b e-flex e-con-boxed e-con e-parent\" data-id=\"6a4d265b\" data-element_type=\"container\">\n\t\t\t\t\t<div class=\"e-con-inner\">\n\t\t\t\t<div class=\"elementor-element elementor-element-c379d02 elementor-align-right elementor-widget elementor-widget-button\" data-id=\"c379d02\" data-element_type=\"widget\" data-widget_type=\"button.default\">\n\t\t\t\t<div class=\"elementor-widget-container\">\n\t\t\t\t\t\t\t\t\t<div class=\"elementor-button-wrapper\">\n\t\t\t\t\t<a class=\"elementor-button elementor-button-link elementor-size-sm\" href=\"https:\/\/lin.projetsmmichamps.fr\/SiteOnePage\/wordpress\/\">\n\t\t\t\t\t\t<span class=\"elementor-button-content-wrapper\">\n\t\t\t\t\t\t\t\t\t<span class=\"elementor-button-text\">Accueil<\/span>\n\t\t\t\t\t<\/span>\n\t\t\t\t\t<\/a>\n\t\t\t\t<\/div>\n\t\t\t\t\t\t\t\t<\/div>\n\t\t\t\t<\/div>\n\t\t\t\t<div class=\"elementor-element elementor-element-834eb89 elementor-widget elementor-widget-text-editor\" data-id=\"834eb89\" data-element_type=\"widget\" data-widget_type=\"text-editor.default\">\n\t\t\t\t<div class=\"elementor-widget-container\">\n\t\t\t\t\t\t\t\t\t<p>Th\u00e8me utilis\u00e9 : Hello Biz<\/p>\n<p>Aucun Widgets sp\u00e9ciaux utilis\u00e9s pour ce site OnePage<\/p>\n<p>Page Builder : Elementor Uniquement<\/p>\n<p>Je n&rsquo;ai pas utilis\u00e9 d&rsquo;autres extensions (mais j&rsquo;en ai utilis\u00e9 pour le site de ma SA\u00e9 2.02).<\/p>\n<p>Je n&rsquo;ai pas utilis\u00e9 de web kit.<\/p>\n<p><\/p>\t\t\t\t\t\t\t\t<\/div>\n\t\t\t\t<\/div>\n\t\t\t\t\t<\/div>\n\t\t\t\t<\/div>\n\t\t\t\t<\/div>\n\t\t","protected":false},"excerpt":{"rendered":"<p>Accueil Th\u00e8me utilis\u00e9 : Hello Biz Aucun Widgets sp\u00e9ciaux utilis\u00e9s pour ce site OnePage Page Builder : Elementor Uniquement Je n&rsquo;ai pas utilis\u00e9 d&rsquo;autres extensions (mais j&rsquo;en ai utilis\u00e9 pour le site de ma SA\u00e9 2.02). Je n&rsquo;ai pas utilis\u00e9 de web kit.<\/p>\n","protected":false},"author":1,"featured_media":0,"parent":0,"menu_order":0,"comment_status":"closed","ping_status":"open","template":"","meta":{"footnotes":""},"class_list":["post-3","page","type-page","status-publish","hentry"],"_links":{"self":[{"href":"https:\/\/lin.projetsmmichamps.fr\/SiteOnePage\/wordpress\/wp-json\/wp\/v2\/pages\/3","targetHints":{"allow":["GET"]}}],"collection":[{"href":"https:\/\/lin.projetsmmichamps.fr\/SiteOnePage\/wordpress\/wp-json\/wp\/v2\/pages"}],"about":[{"href":"https:\/\/lin.projetsmmichamps.fr\/SiteOnePage\/wordpress\/wp-json\/wp\/v2\/types\/page"}],"author":[{"embeddable":true,"href":"https:\/\/lin.projetsmmichamps.fr\/SiteOnePage\/wordpress\/wp-json\/wp\/v2\/users\/1"}],"replies":[{"embeddable":true,"href":"https:\/\/lin.projetsmmichamps.fr\/SiteOnePage\/wordpress\/wp-json\/wp\/v2\/comments?post=3"}],"version-history":[{"count":7,"href":"https:\/\/lin.projetsmmichamps.fr\/SiteOnePage\/wordpress\/wp-json\/wp\/v2\/pages\/3\/revisions"}],"predecessor-version":[{"id":51,"href":"https:\/\/lin.projetsmmichamps.fr\/SiteOnePage\/wordpress\/wp-json\/wp\/v2\/pages\/3\/revisions\/51"}],"wp:attachment":[{"href":"https:\/\/lin.projetsmmichamps.fr\/SiteOnePage\/wordpress\/wp-json\/wp\/v2\/media?parent=3"}],"curies":[{"name":"wp","href":"https:\/\/api.w.org\/{rel}","templated":true}]}}